{"id":1955,"date":"2025-11-04T15:14:32","date_gmt":"2025-11-04T14:14:32","guid":{"rendered":"https:\/\/www.navigami.com\/quienes-somos\/"},"modified":"2025-11-04T15:37:56","modified_gmt":"2025-11-04T14:37:56","slug":"quienes-somos","status":"publish","type":"page","link":"https:\/\/www.navigami.com\/es\/quienes-somos\/","title":{"rendered":"Qui\u00e9nes somos"},"content":{"rendered":"\t\t<div data-elementor-type=\"wp-page\" data-elementor-id=\"1955\" class=\"elementor elementor-1955 elementor-1913\" data-elementor-post-type=\"page\">\n\t\t\t\t<div class=\"elementor-element elementor-element-ca90050 e-flex e-con-boxed e-con e-parent\" data-id=\"ca90050\" data-element_type=\"container\">\n\t\t\t\t\t<div class=\"e-con-inner\">\n\t\t<div class=\"elementor-element elementor-element-b18a750 e-con-full e-flex e-con e-child\" data-id=\"b18a750\" data-element_type=\"container\">\n\t\t<div class=\"elementor-element elementor-element-567fb47 e-con-full e-flex e-con e-child\" data-id=\"567fb47\" data-element_type=\"container\">\n\t\t\t\t<div class=\"elementor-element elementor-element-92990e5 elementor-view-default elementor-widget elementor-widget-icon\" data-id=\"92990e5\" data-element_type=\"widget\" data-widget_type=\"icon.default\">\n\t\t\t\t\t\t\t<div class=\"elementor-icon-wrapper\">\n\t\t\t<div class=\"elementor-icon\">\n\t\t\t<svg xmlns=\"http:\/\/www.w3.org\/2000\/svg\" xmlns:xlink=\"http:\/\/www.w3.org\/1999\/xlink\" width=\"512\" height=\"512\" x=\"0\" y=\"0\" viewBox=\"0 0 512 512\" style=\"enable-background:new 0 0 512 512\" xml:space=\"preserve\" class=\"\"><g><path fill=\"#b5343e\" d=\"m327.843 160.155 22.029 2.25 4.319 19.405-35.287 35.288-22.395-6.133-1.607-17.869z\" opacity=\"1\" data-original=\"#cf8151\"><\/path><path fill=\"#b5343e\" d=\"m327.843 160.155 10.924-10.924 24.994 4.444-.992 19.558-8.578 8.578a136.122 136.122 0 0 0-26.348-21.656z\" opacity=\"1\" data-original=\"#bd6e45\" class=\"\"><\/path><path fill=\"#b5343e\" d=\"m377.45 110.548 15.471-15.47c-.495-7.213 2.002-14.591 7.512-20.101 10.102-10.102 26.489-10.102 36.591 0s10.102 26.489 0 36.591c-5.51 5.51-12.888 8.007-20.101 7.512l-17.266 17.266-16.019-8.88z\" opacity=\"1\" data-original=\"#cf8151\"><\/path><path fill=\"#b5343e\" d=\"m391.62 144.381-19.268-6.773-4.733-17.228 9.831-9.831a177.201 177.201 0 0 1 22.207 25.797z\" opacity=\"1\" data-original=\"#bd6e45\" class=\"\"><\/path><path fill=\"#b5343e\" d=\"m184.157 160.155-22.029 2.25-4.319 19.405 35.287 35.288 22.396-6.133 1.606-17.869z\" opacity=\"1\" data-original=\"#cf8151\"><\/path><path fill=\"#b5343e\" d=\"m184.157 160.155-10.924-10.924-24.994 4.444.993 19.558 8.577 8.578a136.122 136.122 0 0 1 26.348-21.656z\" opacity=\"1\" data-original=\"#bd6e45\" class=\"\"><\/path><path fill=\"#b5343e\" d=\"m134.55 110.548-15.471-15.47c.495-7.213-2.002-14.591-7.512-20.101-10.102-10.102-26.489-10.102-36.591 0s-10.102 26.489 0 36.591c5.51 5.51 12.888 8.007 20.101 7.512l17.266 17.266 16.019-8.88z\" opacity=\"1\" data-original=\"#cf8151\"><\/path><path fill=\"#b5343e\" d=\"m120.38 144.381 19.268-6.773 4.733-17.228-9.831-9.831a177.201 177.201 0 0 0-22.207 25.797z\" opacity=\"1\" data-original=\"#bd6e45\" class=\"\"><\/path><path fill=\"#b5343e\" d=\"M486.131 272.289c-7.791 0-14.777-3.447-19.523-8.895H440.7l-9-9-9.231-7.684 8.435-7.684h35.703c4.747-5.448 11.732-8.895 19.523-8.895 11.016 0 20.413 6.881 24.145 16.579.001 14.647-13.129 25.579-24.144 25.579z\" opacity=\"1\" data-original=\"#cf8151\"><\/path><path fill=\"#b5343e\" d=\"M431.7 254.394h34.907c4.747 5.448 11.732 8.895 19.523 8.895 11.016 0 20.413-6.882 24.145-16.579a25.803 25.803 0 0 1 1.724 9.29c0 14.292-11.578 25.869-25.869 25.869-7.791 0-14.777-3.446-19.523-8.895h-35.703l-7.801-9.29z\" opacity=\"1\" data-original=\"#bd6e45\" class=\"\"><\/path><path fill=\"#b5343e\" d=\"m329.963 254.394-9.562-7.687 7.614-7.682h62.078l9.735 7.627-8.697 7.742-31.558 9z\" opacity=\"1\" data-original=\"#cf8151\"><\/path><path fill=\"#b5343e\" d=\"M329.963 254.394h61.168l7.554 10.035-8.592 8.545h-62.078l-5.758-10.622z\" opacity=\"1\" data-original=\"#bd6e45\" class=\"\"><\/path><path fill=\"#b5343e\" d=\"m325.064 301.062 37.705 37.705-3.183 21.532-20.819 2.47-33.262-33.262 4.478-17.303z\" opacity=\"1\" data-original=\"#cf8151\"><\/path><path fill=\"#b5343e\" d=\"m318.904 294.902 6.161 6.16a74.253 74.253 0 0 1-19.559 28.444l-10.603-10.603 5.776-14.422z\" opacity=\"1\" data-original=\"#bd6e45\" class=\"\"><\/path><path fill=\"#b5343e\" d=\"m377.45 401.452 4.541-16.917 17.665-8.88 17.265 17.265c7.213-.495 14.591 2.002 20.101 7.512 10.102 10.102 10.102 26.489 0 36.591s-26.488 10.102-36.591 0c-5.51-5.51-8.007-12.888-7.512-20.101z\" opacity=\"1\" data-original=\"#cf8151\"><\/path><path fill=\"#b5343e\" d=\"m391.62 367.619 8.036 8.036a177.132 177.132 0 0 1-22.207 25.797l-9.831-9.831 2.818-14.712z\" opacity=\"1\" data-original=\"#bd6e45\" class=\"\"><\/path><path fill=\"#b5343e\" d=\"M239.026 140.49v43.495L256 191.014l16.975-7.029V140.49L256 130.427z\" opacity=\"1\" data-original=\"#cf8151\"><\/path><path fill=\"#b5343e\" d=\"M239.025 121.907v18.584c5.561-.7 11.226-1.063 16.975-1.063 5.748 0 11.413.363 16.974 1.063v-18.584L256 111.844z\" opacity=\"1\" data-original=\"#bd6e45\" class=\"\"><\/path><path fill=\"#b5343e\" d=\"M272.975 45.393v17.132L256 70.702l-16.975-8.177V45.393c-5.448-4.747-8.895-11.732-8.895-19.523C230.131 11.578 241.708 0 256 0s25.869 11.578 25.869 25.869c0 7.791-3.446 14.777-8.894 19.524z\" opacity=\"1\" data-original=\"#cf8151\"><\/path><path fill=\"#b5343e\" d=\"m256 89.281-16.975-8.185V62.525A177.043 177.043 0 0 1 256 61.702c5.726 0 11.387.285 16.974.823v18.571z\" opacity=\"1\" data-original=\"#bd6e45\" class=\"\"><\/path><path fill=\"#b5343e\" d=\"M239.025 346.576v43.517L256 400.156l16.975-10.063v-43.517L256 339.564z\" opacity=\"1\" data-original=\"#cf8151\"><\/path><path fill=\"#b5343e\" d=\"M272.975 346.576v-18.561L256 320.986l-16.975 7.029v18.561c5.455 1.286 11.133 1.988 16.975 1.988s11.52-.702 16.975-1.988z\" opacity=\"1\" data-original=\"#bd6e45\" class=\"\"><\/path><path fill=\"#b5343e\" d=\"M272.975 466.607v-17.132L256 441.298l-16.975 8.177v17.132c-5.448 4.747-8.895 11.732-8.895 19.523.001 14.292 11.578 25.87 25.87 25.87s25.869-11.578 25.869-25.869c0-7.791-3.446-14.777-8.894-19.524z\" opacity=\"1\" data-original=\"#cf8151\"><\/path><path fill=\"#b5343e\" d=\"m256 422.72-16.975 8.185v18.571c5.588.538 11.248.823 16.975.823 5.726 0 11.387-.285 16.974-.823v-18.571z\" opacity=\"1\" data-original=\"#bd6e45\" class=\"\"><\/path><path fill=\"#b5343e\" d=\"M25.869 272.289c7.791 0 14.777-3.447 19.523-8.895H71.3l9-9 9.231-7.684-8.435-7.684H45.393c-4.747-5.448-11.732-8.895-19.523-8.895-11.016 0-20.413 6.881-24.145 16.579 0 14.647 13.129 25.579 24.144 25.579z\" opacity=\"1\" data-original=\"#cf8151\"><\/path><path fill=\"#b5343e\" d=\"M80.3 254.394H45.393c-4.747 5.448-11.732 8.895-19.523 8.895-11.016 0-20.413-6.882-24.145-16.579A25.804 25.804 0 0 0 0 256c0 14.292 11.578 25.869 25.869 25.869 7.791 0 14.777-3.446 19.523-8.895h35.703l7.801-9.29z\" opacity=\"1\" data-original=\"#bd6e45\" class=\"\"><\/path><path fill=\"#b5343e\" d=\"m182.037 254.394 9.562-7.687-7.614-7.682h-62.078l-9.735 7.627 8.697 7.742 31.558 9z\" opacity=\"1\" data-original=\"#cf8151\"><\/path><path fill=\"#b5343e\" d=\"M182.037 254.394h-61.168l-7.554 10.035 8.592 8.545h62.078l5.758-10.622z\" opacity=\"1\" data-original=\"#bd6e45\" class=\"\"><\/path><path fill=\"#b5343e\" d=\"M256 321.262c47.969 0 73.379-37.086 73.379-74.552-4.587-36.423-35.733-64.693-73.379-64.693s-68.793 28.271-73.38 64.693c.001 41.637 35.734 74.552 73.38 74.552zm0-98.681c18.428 0 33.419 14.992 33.419 33.419S274.428 289.419 256 289.419 222.581 274.428 222.581 256s14.991-33.419 33.419-33.419z\" opacity=\"1\" data-original=\"#dab46a\" class=\"\"><\/path><path fill=\"#b5343e\" d=\"m186.936 301.062-37.705 37.705 3.183 21.532 20.819 2.47 33.262-33.262-4.478-17.303z\" opacity=\"1\" data-original=\"#cf8151\"><\/path><path fill=\"#b5343e\" d=\"m193.096 294.902-6.161 6.16a74.253 74.253 0 0 0 19.559 28.444l10.603-10.603-5.776-14.422z\" opacity=\"1\" data-original=\"#bd6e45\" class=\"\"><\/path><path fill=\"#b5343e\" d=\"m134.55 401.452-4.541-16.917-17.665-8.88-17.266 17.265c-7.213-.495-14.591 2.002-20.101 7.512-10.102 10.102-10.102 26.489 0 36.591s26.488 10.102 36.591 0c5.51-5.51 8.007-12.888 7.512-20.101z\" opacity=\"1\" data-original=\"#cf8151\"><\/path><path fill=\"#b5343e\" d=\"m120.38 367.619-8.036 8.036a177.132 177.132 0 0 0 22.207 25.797l9.831-9.831-2.818-14.712z\" opacity=\"1\" data-original=\"#bd6e45\" class=\"\"><\/path><path fill=\"#b5343e\" d=\"M80.528 246.71c0 82.797 57.54 177.32 175.472 177.32 111.619 0 175.472-89.613 175.472-177.32C426.625 154.121 349.775 80.283 256 80.283S85.375 154.121 80.528 246.71zM256 120.847c74.524 0 135.153 60.63 135.153 135.153S330.524 391.153 256 391.153 120.847 330.524 120.847 256 181.476 120.847 256 120.847z\" opacity=\"1\" data-original=\"#dab46a\" class=\"\"><\/path><path fill=\"#b5343e\" d=\"M256 413.137c-93.774 0-170.625-73.838-175.472-166.427a177.76 177.76 0 0 0-.246 9.29c0 96.891 78.827 175.717 175.718 175.717S431.718 352.891 431.718 256c0-3.116-.085-6.213-.246-9.29-4.847 92.589-81.697 166.427-175.472 166.427z\" opacity=\"1\" data-original=\"#caa763\" class=\"\"><\/path><path fill=\"#b5343e\" d=\"M256 311.403c-37.647 0-68.793-28.271-73.38-64.693a74.373 74.373 0 0 0-.604 9.29c0 40.795 33.189 73.983 73.984 73.983s73.983-33.189 73.983-73.983c0-3.148-.221-6.244-.604-9.29-4.586 36.422-35.732 64.693-73.379 64.693z\" opacity=\"1\" data-original=\"#caa763\" class=\"\"><\/path><\/g><\/svg>\t\t\t<\/div>\n\t\t<\/div>\n\t\t\t\t\t\t<\/div>\n\t\t\t\t<div class=\"elementor-element elementor-element-0137dd8 elementor-widget elementor-widget-heading\" data-id=\"0137dd8\" data-element_type=\"widget\" data-widget_type=\"heading.default\">\n\t\t\t\t\t<h1 class=\"elementor-heading-title elementor-size-default\">Qui\u00e9nes somos<\/h1>\t\t\t\t<\/div>\n\t\t\t\t<\/div>\n\t\t\t\t<div class=\"elementor-element elementor-element-8c2365c no-margin elementor-widget elementor-widget-text-editor\" data-id=\"8c2365c\" data-element_type=\"widget\" data-widget_type=\"text-editor.default\">\n\t\t\t\t\t\t\t\t\t<p>Navigami es una empresa que opera en Lombard\u00eda, especializada en navegaci\u00f3n fluvial, cuyo objetivo es ofrecer servicios tur\u00edsticos innovadores y \u00fanicos a trav\u00e9s de la puesta en valor y la sostenibilidad del territorio en el que opera.<\/p><p>Toda la flota de Navigami est\u00e1 compuesta por veh\u00edculos h\u00edbridos o totalmente el\u00e9ctricos, para garantizar una movilidad sostenible y un impacto m\u00ednimo en el medio ambiente. Nuestros itinerarios son el resultado de una investigaci\u00f3n basada en el v\u00ednculo entre cultura y naturaleza, ofreciendo una experiencia inmersiva y original a trav\u00e9s de los canales lombardos. <\/p><p>Nuestro personal altamente cualificado le acompa\u00f1ar\u00e1 y guiar\u00e1 en los sugerentes itinerarios propuestos transmiti\u00e9ndole su pasi\u00f3n y conocimiento.<\/p>\t\t\t\t\t\t\t\t<\/div>\n\t\t\t\t<div class=\"elementor-element elementor-element-771e784 elementor-widget elementor-widget-heading\" data-id=\"771e784\" data-element_type=\"widget\" data-widget_type=\"heading.default\">\n\t\t\t\t\t<h2 class=\"elementor-heading-title elementor-size-default\">Responsabilidad social<\/h2>\t\t\t\t<\/div>\n\t\t\t\t<div class=\"elementor-element elementor-element-82ec376 no-margin elementor-widget elementor-widget-text-editor\" data-id=\"82ec376\" data-element_type=\"widget\" data-widget_type=\"text-editor.default\">\n\t\t\t\t\t\t\t\t\t<p>Para Navigami, crecer y mejorar el servicio disponible para sus clientes tambi\u00e9n significa invertir en capital humano, medio ambiente y relaciones con la comunidad.<\/p><p>La atenci\u00f3n a estos aspectos, unida al respeto a la dignidad de las personas ya la transformaci\u00f3n de la sociedad, se traduce en una serie de iniciativas encaminadas a la puesta en valor del territorio.<\/p>\t\t\t\t\t\t\t\t<\/div>\n\t\t\t\t<\/div>\n\t\t<div class=\"elementor-element elementor-element-70deadd e-con-full e-flex e-con e-child\" data-id=\"70deadd\" data-element_type=\"container\">\n\t\t\t\t<div class=\"elementor-element elementor-element-b763bb5 elementor-widget elementor-widget-image\" data-id=\"b763bb5\" data-element_type=\"widget\" data-widget_type=\"image.default\">\n\t\t\t\t\t\t\t\t\t\t\t\t\t\t\t<img fetchpriority=\"high\" decoding=\"async\" width=\"800\" height=\"357\" src=\"https:\/\/www.navigami.com\/wp-content\/uploads\/2025\/10\/herohome-1024x457.jpg\" class=\"attachment-large size-large wp-image-1820\" alt=\"\" srcset=\"https:\/\/www.navigami.com\/wp-content\/uploads\/2025\/10\/herohome-1024x457.jpg 1024w, https:\/\/www.navigami.com\/wp-content\/uploads\/2025\/10\/herohome-300x134.jpg 300w, https:\/\/www.navigami.com\/wp-content\/uploads\/2025\/10\/herohome-768x342.jpg 768w, https:\/\/www.navigami.com\/wp-content\/uploads\/2025\/10\/herohome-1536x685.jpg 1536w, https:\/\/www.navigami.com\/wp-content\/uploads\/2025\/10\/herohome-2048x913.jpg 2048w, https:\/\/www.navigami.com\/wp-content\/uploads\/2025\/10\/herohome-600x268.jpg 600w\" sizes=\"(max-width: 800px) 100vw, 800px\" \/>\t\t\t\t\t\t\t\t\t\t\t\t\t\t\t<\/div>\n\t\t\t\t<\/div>\n\t\t\t\t\t<\/div>\n\t\t\t\t<\/div>\n\t\t\t\t<\/div>\n\t\t","protected":false},"excerpt":{"rendered":"<p>Qui\u00e9nes somos Navigami es una empresa que opera en Lombard\u00eda, especializada en navegaci\u00f3n fluvial, cuyo objetivo es ofrecer servicios tur\u00edsticos innovadores y \u00fanicos a trav\u00e9s de la puesta en valor y la sostenibilidad del territorio en el que opera. Toda la flota de Navigami est\u00e1 compuesta por veh\u00edculos h\u00edbridos o totalmente el\u00e9ctricos, para garantizar una [&hellip;]<\/p>\n","protected":false},"author":1,"featured_media":0,"parent":0,"menu_order":0,"comment_status":"closed","ping_status":"closed","template":"","meta":{"footnotes":""},"class_list":["post-1955","page","type-page","status-publish","hentry"],"_links":{"self":[{"href":"https:\/\/www.navigami.com\/es\/wp-json\/wp\/v2\/pages\/1955","targetHints":{"allow":["GET"]}}],"collection":[{"href":"https:\/\/www.navigami.com\/es\/wp-json\/wp\/v2\/pages"}],"about":[{"href":"https:\/\/www.navigami.com\/es\/wp-json\/wp\/v2\/types\/page"}],"author":[{"embeddable":true,"href":"https:\/\/www.navigami.com\/es\/wp-json\/wp\/v2\/users\/1"}],"replies":[{"embeddable":true,"href":"https:\/\/www.navigami.com\/es\/wp-json\/wp\/v2\/comments?post=1955"}],"version-history":[{"count":4,"href":"https:\/\/www.navigami.com\/es\/wp-json\/wp\/v2\/pages\/1955\/revisions"}],"predecessor-version":[{"id":1983,"href":"https:\/\/www.navigami.com\/es\/wp-json\/wp\/v2\/pages\/1955\/revisions\/1983"}],"wp:attachment":[{"href":"https:\/\/www.navigami.com\/es\/wp-json\/wp\/v2\/media?parent=1955"}],"curies":[{"name":"wp","href":"https:\/\/api.w.org\/{rel}","templated":true}]}}